{"id":420,"date":"2021-01-29T17:36:18","date_gmt":"2021-01-29T16:36:18","guid":{"rendered":"http:\/\/www.hotelmajesticigea.com\/?page_id=420"},"modified":"2021-06-04T13:06:57","modified_gmt":"2021-06-04T11:06:57","slug":"vacanze-sicure","status":"publish","type":"page","link":"https:\/\/www.hotelmajesticigea.com\/de\/vacanze-sicure\/","title":{"rendered":"Sichere Feiertage"},"content":{"rendered":"\n<section class=\"container-fluid js--lazy-load wao-blocks-gallery-slider-flickity gallery-flickity-67433\" >\n    <article class=\"row\">\n        <div class=\"col-sm-12 p-0 position-relative\">\n            <section class=\"container-fluid js--lazy-load\">\n                <article class=\"row\">\n                    <div class=\"col-sm-12 p-0 position-relative\">\n                        <div class=\"js--flickity l--vh-60-md\" data-cellAlign=\"left\" data-bgLazyLoad=\"1\" data-freeScroll=\"true\" data-wrapAround=\"true\" data-autoPlay=\"2000\" data-pauseAutoPlayOnHover =\"true\" data-prevNextButtons=\"false\" data-contain=\"true\" data-pageDots=\"false\" data-draggable=\"true\" data-groupCells=\"110%\" data-fade=\"false\">\n                                                            <div>\n                                    <div style=\"background: url('http:\/\/www.hotelmajesticigea.com\/wp-content\/uploads\/2021\/02\/top-sicurezza.jpg') center center \/ cover no-repeat rgb(250, 250, 250); display: block; width: 100vw;\" class=\"l--vh-60-md \"><\/div>\n                                <\/div>\n                            \n                        <\/div>\n                        <div class=\"position-absolute l--top l--bottom mx-auto l--align-middle-vertical\">\n                            <div class=\"text-over-slider h1 text-quaternary text-center animated zoomIn\" data-anim=\"zoomIn\" data-cof=\"true\" data-cof-rule=\"font-size, 2rem, 2.5rem, 2.5rem, 3rem, 3rem\">\n                                                            <\/div>\n                                                            <div class=\"h-100 w-100 sf-gradient d-flex align-items-center justify-content-center\" style=\"background: \" data-cof=\"true\" data-cof-rule=\"font-size, 2rem, 2.5rem, 2.5rem, 3rem, 3rem\">\n                                                                                                        <\/div>\n                                                    <\/div>\n                    <\/div>\n                <\/article>\n            <\/section>\n        <\/div>\n    <\/article>\n<\/section>\n\n<section class=\"wao-blocks-container container-fluid mb-3 position-relative\"\n\t\t>\n    \n<div class=\"wao-blocks-row row\" >\n    \n\n<div class=\"col-12 col-md-12 text-center\"\n     \n\t \n\tdata-cof=\"true\"\n    data-cof-rule=\"padding, 2rem, 3rem 2rem, 3rem 2rem, 3rem, 3rem\" >\n        \n<div class=\"position-absolute l--top l--left g--bkg-dark-01 d-none d-md-block  js--hideme\" data-anim=\"fadeInLeft\"  style=\"width:35%; height:70px; max-width: 530px; margin-top:-35px;\"><\/div>\n\n<div class=\"mx-auto\" style=\"max-width:900px\">\n\n<div class=\"pb-4 \">\n\n\n<div class=\"breadcrumb-block\"\n    >\n    <div class=\"text-primary mx-auto text-center small\">\n        <a href=\"https:\/\/www.hotelmajesticigea.com\/de\" rel=\"nofollow\" title=\"Home\">Home &gt;<\/a>\n        Vacanze Sicure    <\/div>\n<\/div>\n\n<\/div>\n\n\n<h1 class=\"has-text-align-center pb-4 wp-block-heading\">Vacanze in Sicurezza<\/h1>\n\n\n\n<p class=\"has-text-align-center\">Di seguito trovi le novit\u00e0 e i piccoli accorgimenti che l\u2019Hotel Majestic di Igea Marina ha introdotto per tutelare il benessere e la sicurezza degli ospiti.&nbsp;<\/p>\n\n\n<div class=\"text-left mx-auto\">\n\n\n<div class=\"wao-blocks-accordion\" id=\"accordion\" >\n        <div class=\"card border-bottom g--b-c-01 border-top-0 border-right-0 border-left-0 mb-3 g--bkg-light-03\">\n        <div class=\"card-header border-0\" id=\"heading_69f399080cd5d0\">\n            <h5 class=\"mb-0 mt-0\">\n                <button class=\"btn btn-link text-primary\" data-toggle=\"collapse\"\n                    data-target=\"#collapse_69f399080cd5d0\" aria-expanded=\"false\"\n                    aria-controls=\"collapse_69f399080cd5d0\" style=\"white-space: normal;\">\n                    > Organizzazione                <\/button>\n            <\/h5>\n        <\/div>\n        <div id=\"collapse_69f399080cd5d0\" class=\"collapse\" aria-labelledby=\"headingOne\" data-parent=\"#accordion\">\n            <div class=\"card-body \">\n                Gli ampi spazi della nostra struttura permettono facilmente di evitare assembramenti. Tuttavia, per tutelare la sicurezza di tutti, ti chiediamo di prestare attenzione a mantenere la distanza interpersonale richiesta, sia dagli altri ospiti che dal nostro staff.\u00a0<br>Tutto il nostro staff indosser\u00e0 regolarmente i dispositivi di protezione individuale previsti in base alla mansione svolta.<br>            <\/div>\n        <\/div>\n    <\/div>\n        <div class=\"card border-bottom g--b-c-01 border-top-0 border-right-0 border-left-0 mb-3 g--bkg-light-03\">\n        <div class=\"card-header border-0\" id=\"heading_69f399080cd5d1\">\n            <h5 class=\"mb-0 mt-0\">\n                <button class=\"btn btn-link text-primary\" data-toggle=\"collapse\"\n                    data-target=\"#collapse_69f399080cd5d1\" aria-expanded=\"false\"\n                    aria-controls=\"collapse_69f399080cd5d1\" style=\"white-space: normal;\">\n                    > Spazi comuni                <\/button>\n            <\/h5>\n        <\/div>\n        <div id=\"collapse_69f399080cd5d1\" class=\"collapse\" aria-labelledby=\"headingOne\" data-parent=\"#accordion\">\n            <div class=\"card-body \">\n                Se hai dubbi su come comportarti in hotel, puoi chiedere a un membro del nostro staff: sar\u00e0 felice di risponderti, altrimenti puoi consultare gli appositi cartelloni per un corretto soggiorno che abbiamo affisso in tutto l\u2019hotel.\u00a0<br>E per la sicurezza di tutti gli ospiti puliremo pi\u00f9 volte al giorno le aree comuni con detergenti a base alcolica.<br>In hotel troverai appositi dispenser con gel igienizzante: utilizzali liberamente.<br>            <\/div>\n        <\/div>\n    <\/div>\n        <div class=\"card border-bottom g--b-c-01 border-top-0 border-right-0 border-left-0 mb-3 g--bkg-light-03\">\n        <div class=\"card-header border-0\" id=\"heading_69f399080cd5d2\">\n            <h5 class=\"mb-0 mt-0\">\n                <button class=\"btn btn-link text-primary\" data-toggle=\"collapse\"\n                    data-target=\"#collapse_69f399080cd5d2\" aria-expanded=\"false\"\n                    aria-controls=\"collapse_69f399080cd5d2\" style=\"white-space: normal;\">\n                    > Camere                <\/button>\n            <\/h5>\n        <\/div>\n        <div id=\"collapse_69f399080cd5d2\" class=\"collapse\" aria-labelledby=\"headingOne\" data-parent=\"#accordion\">\n            <div class=\"card-body \">\n                Continua a fare sogni d\u2019oro, con un piccolo supplemento di 5\u20ac al giorno infatti potrai accendere a tuo piacimento l\u2019aria condizionata. Il condizionatore \u00e8 igienizzato con prodotti specifici<br><br>In camera troverai tutti gli accessori come telecomando e telefono sterilizzati e sigillati.<br><br>E dopo ogni cambio ospite, la camera verr\u00e0 sanificata con ancora pi\u00f9 attenzione del solito, cos\u00ec come la biancheria da letto e da bagno.<br>            <\/div>\n        <\/div>\n    <\/div>\n        <div class=\"card border-bottom g--b-c-01 border-top-0 border-right-0 border-left-0 mb-3 g--bkg-light-03\">\n        <div class=\"card-header border-0\" id=\"heading_69f399080cd5d3\">\n            <h5 class=\"mb-0 mt-0\">\n                <button class=\"btn btn-link text-primary\" data-toggle=\"collapse\"\n                    data-target=\"#collapse_69f399080cd5d3\" aria-expanded=\"false\"\n                    aria-controls=\"collapse_69f399080cd5d3\" style=\"white-space: normal;\">\n                    > Ristorante                <\/button>\n            <\/h5>\n        <\/div>\n        <div id=\"collapse_69f399080cd5d3\" class=\"collapse\" aria-labelledby=\"headingOne\" data-parent=\"#accordion\">\n            <div class=\"card-body \">\n                I tavoli della nostra sala ristorante ti aspettano distanziati come richiesto dal decreto ministeriale in vigore e tutti i pasti ti verranno serviti comodamente al tavolo, pulito e igienizzato adeguatamente dopo ogni cambio ospite.\u00a0<br><br>A pranzo e a cena potrai scegliere tra 3 primi e 3 secondi, contorni, dolci e frutta. Saranno presenti anche dei buffet composti da antipasti e stuzzichini protetti e sar\u00e0 il nostro staff a riempirti il piatto, secondo le tue richieste.\u00a0<br>Se non vuoi perderti neanche un\u2019ora di sole e male, richiedici il nostro gustoso pranzo al sacco, da consumare sotto l\u2019ombrellone.<br>In alternativa potrai usufruire di una delle convenzioni che abbiamo con numerosi ristoranti della zona.<br>            <\/div>\n        <\/div>\n    <\/div>\n        <div class=\"card border-bottom g--b-c-01 border-top-0 border-right-0 border-left-0 mb-3 g--bkg-light-03\">\n        <div class=\"card-header border-0\" id=\"heading_69f399080cd5d4\">\n            <h5 class=\"mb-0 mt-0\">\n                <button class=\"btn btn-link text-primary\" data-toggle=\"collapse\"\n                    data-target=\"#collapse_69f399080cd5d4\" aria-expanded=\"false\"\n                    aria-controls=\"collapse_69f399080cd5d4\" style=\"white-space: normal;\">\n                    > Aperitivi, feste, cene tipiche                <\/button>\n            <\/h5>\n        <\/div>\n        <div id=\"collapse_69f399080cd5d4\" class=\"collapse\" aria-labelledby=\"headingOne\" data-parent=\"#accordion\">\n            <div class=\"card-body \">\n                Al Majestic adoriamo farti divertire, tanto che abbiamo deciso di non rinunciare n\u00e8 ai nostri aperitivi a bordo piscina n\u00e9 alle serate romagnole e marinare per farti assaggiare i prodotti del territorio. L\u2019unica differenza rispetto agli anni passati sar\u00e0 che si svolgeranno con servizio al tavolo.\u00a0<br>Inoltre, abbiamo organizzato l\u2019area giardino - di \u00a0 oltre 1000 mq - dedicata al cocktail bar in modo da farti svagare con musica dal vivo, dj set e spettacoli con personale qualificato e nel rispetto delle normative.<br>            <\/div>\n        <\/div>\n    <\/div>\n        <div class=\"card border-bottom g--b-c-01 border-top-0 border-right-0 border-left-0 mb-3 g--bkg-light-03\">\n        <div class=\"card-header border-0\" id=\"heading_69f399080cd5d5\">\n            <h5 class=\"mb-0 mt-0\">\n                <button class=\"btn btn-link text-primary\" data-toggle=\"collapse\"\n                    data-target=\"#collapse_69f399080cd5d5\" aria-expanded=\"false\"\n                    aria-controls=\"collapse_69f399080cd5d5\" style=\"white-space: normal;\">\n                    > Spiaggia                <\/button>\n            <\/h5>\n        <\/div>\n        <div id=\"collapse_69f399080cd5d5\" class=\"collapse\" aria-labelledby=\"headingOne\" data-parent=\"#accordion\">\n            <div class=\"card-body \">\n                Anche quest\u2019anno rinnoviamo la convenzione con il nostro stabilimento balneare e in spiaggia avrai ancora pi\u00f9 spazio e privacy perch\u00e8 ogni ombrellone sar\u00e0 adeguatamente distanziato l\u2019uno dall\u2019altro.\u00a0<br><br>Potrai rilassarti al sole senza pensieri visto che ombrellone, lettini e sdraio saranno disinfettati dopo ogni cambio ospite.<br><br>Approfitta della possibilit\u00e0 di consumare i pasti take away o delivery seduto comodamente sotto l\u2019ombrellone richiedendoci il nostro pranzo al sacco!<br>            <\/div>\n        <\/div>\n    <\/div>\n        <div class=\"card border-bottom g--b-c-01 border-top-0 border-right-0 border-left-0 mb-3 g--bkg-light-03\">\n        <div class=\"card-header border-0\" id=\"heading_69f399080cd5d6\">\n            <h5 class=\"mb-0 mt-0\">\n                <button class=\"btn btn-link text-primary\" data-toggle=\"collapse\"\n                    data-target=\"#collapse_69f399080cd5d6\" aria-expanded=\"false\"\n                    aria-controls=\"collapse_69f399080cd5d6\" style=\"white-space: normal;\">\n                    > Piscina                 <\/button>\n            <\/h5>\n        <\/div>\n        <div id=\"collapse_69f399080cd5d6\" class=\"collapse\" aria-labelledby=\"headingOne\" data-parent=\"#accordion\">\n            <div class=\"card-body \">\n                Puoi rilassarti senza pensieri nella nostra grandissima piscina. infatti \u00e8 stato scientificamente provato come il cloro sia in grado di prevenire la diffusione del virus.<br><br>Inoltre, le superfici come ombrelloni, sdraio o lettini verranno disinfettate giornalmente e abbiamo allungato l\u2019orario di accesso per permettere a tutti gli ospiti l\u2019ingresso.<br>            <\/div>\n        <\/div>\n    <\/div>\n        <div class=\"card border-bottom g--b-c-01 border-top-0 border-right-0 border-left-0 mb-3 g--bkg-light-03\">\n        <div class=\"card-header border-0\" id=\"heading_69f399080cd5d7\">\n            <h5 class=\"mb-0 mt-0\">\n                <button class=\"btn btn-link text-primary\" data-toggle=\"collapse\"\n                    data-target=\"#collapse_69f399080cd5d7\" aria-expanded=\"false\"\n                    aria-controls=\"collapse_69f399080cd5d7\" style=\"white-space: normal;\">\n                    > Servizi per i bimbi                <\/button>\n            <\/h5>\n        <\/div>\n        <div id=\"collapse_69f399080cd5d7\" class=\"collapse\" aria-labelledby=\"headingOne\" data-parent=\"#accordion\">\n            <div class=\"card-body \">\n                Abbiamo sempre avuto un occhio di riguardo per la sicurezza dei nostri piccoli ospiti, pertanto presteremo ancora pi\u00f9 attenzione del solito alla sanificazione dell\u2019area giochi esterna e di tutti gli oggetti utilizzati al suo interno.<br>            <\/div>\n        <\/div>\n    <\/div>\n        <div class=\"card border-bottom g--b-c-01 border-top-0 border-right-0 border-left-0 mb-3 g--bkg-light-03\">\n        <div class=\"card-header border-0\" id=\"heading_69f399080cd5d8\">\n            <h5 class=\"mb-0 mt-0\">\n                <button class=\"btn btn-link text-primary\" data-toggle=\"collapse\"\n                    data-target=\"#collapse_69f399080cd5d8\" aria-expanded=\"false\"\n                    aria-controls=\"collapse_69f399080cd5d8\" style=\"white-space: normal;\">\n                    > Politiche di cancellazione                <\/button>\n            <\/h5>\n        <\/div>\n        <div id=\"collapse_69f399080cd5d8\" class=\"collapse\" aria-labelledby=\"headingOne\" data-parent=\"#accordion\">\n            <div class=\"card-body \">\n                Per venirti incontro, abbiamo agevolato la nostra politica di cancellazione: per confermare la tua prenotazione ti verr\u00e0 richiesta una caparra ridotta di soli 100 \u20ac che ti restituiremo se cancellerai la prenotazione 14 giorni prima del tuo arrivo. In caso contrario, riceverai un voucher vacanza.\u00a0<br>Inoltre, potrai assicurare la tua caparra con il comodo servizio messo a disposizione da Allianz Assicurazioni.<br>            <\/div>\n        <\/div>\n    <\/div>\n    <\/div>\n\n<\/div><\/div>\n\n\n<p><\/p>\n\n    <\/div>\n<\/div>\n<\/section>\n\n<section class=\"wao-blocks-container container-fluid mb-3\"\n\t\t>\n    \n<div class=\"wao-blocks-row row\" >\n    \n\n<div class=\"col-12 col-md-12 col-lg-6 col-xl-4 p-4 order-1\"\n     \n\t \n\t>\n        \n\n<h3 class=\"has-text-align-center h2 wp-block-heading\">Iscriviti alla nostra <br>newsletter<\/h3>\n\n\n\n<p><\/p>\n\n    <\/div>\n\n\n<div class=\"col-12 col-md-12 col-lg-6 col-xl-8 p-4 order-lg-2 order-3\"\n     \n\t \n\t>\n        \n\n<h3 class=\"has-text-align-center h2 wp-block-heading\">Siamo direttamente<br>sul mare<\/h3>\n\n    <\/div>\n\n\n<div class=\"col-12 col-md-12 col-lg-6 col-xl-4 g--bkg-dark-03 p-2 order-lg-3 order-2\"\n     \n\t \n\t>\n        \n<div class=\"text-center display-2 text-primary\"><i class=\"fas fa-envelope-open-text\"><\/i><\/div>\n<div class=\"mx-auto\" style=\"max-width:400px;\">\n\n<script src=\"https:\/\/www.google.com\/recaptcha\/enterprise.js?render=6LdKs-6Lc3xMIcAAAAAO2K3CkgGUYb6BcsBOk289jP7NUP\"><\/script>\n<div class=\"l--box-newsletter wao-blocks-nav-tab\" >\n    <form class=\"custom\" name=\"iscrizione_newsletter\" id=\"iscrizione_newsletter\" method=\"post\" autocomplete=\"OFF\">\n        <fieldset>\n            <div class=\"form-group column\">\n                                <div class=\"col-12 col-lg-12 mx-auto\">\n                    <input type=\"text\" class=\"form-control my-2 border-1  g--b-c-01 rounded-0\" id=\"news_nome\" name=\"nome\" placeholder=\"Nome*\">\n                <\/div>\n                <div class=\"col-12 col-lg-12 mx-auto\">\n                    <input type=\"text\" class=\"form-control my-2 border-1  g--b-c-01 rounded-0\" id=\"news_email\" name=\"email\" value=\"\" placeholder=\"Email*\">\n                <\/div>\n                <div id=\"newsletter\" class=\"col-12 col-lg-12 mx-auto\">\n<input value=\"on\" type=\"checkbox\" name=\"news_privacy\" id=\"news_privacy\">\n<label for=\"news_privacy\">*\n    <small>\n        <a href=\"javascript:void(0)\" title=\"privacy\"\n            class=\"privacy link-privacy-policy \" style=\"cursor: pointer;\">\n            Accetto privacy\n        <\/a>\n    <\/small>\n<\/label>\n<\/div>                <div class=\"col-12 col-lg-12 mx-auto\">\n                    <button class=\"btn btn-primary btn-block rounded-0 text-uppercase\"type=\"submit\" id=\"iscrizioneNewsletter\">\n                        Iscriviti\n                    <\/button>\n                    <input name=\"dominio\" type=\"hidden\" value=\"https:\/\/www.hotelmajesticigea.com\/de\/\">\n                    <input name=\"idHotel\" type=\"hidden\" value=\"3051\">\n                    <input name=\"lingua\" type=\"hidden\" value=\"it\">\n                <\/div>\n            <\/div>\n        <\/fieldset>\n    <\/form>\n<\/div>\n<div id=\"divAlert\" class=\"h-50 w-50 m-auto alert-info d-none\" style=\"position: fixed; top: 10px; left: 10px; right: 10px; bottom: 10px; z-index: 2000; overflow: auto\">\n\t<div class=\"text-right\">\n\t\t<a class=\"btn btn-primary btn_chiudi \" href=\"javascript:void(0)\" onclick=\"location.reload(true);\" title=\"Chiudi\"><i class=\"fa fa-times\" aria-hidden=\"true\"><\/i><\/a>\n\t<\/div>\n\t<div class=\"text-center alert-info l--align-middle-vertical\" style=\"height: calc(100% - 50px);\">\n\t\t<div class=\"logo\"><\/div>\n\t\t<div class=\"text-center h-50 w-50\">\n\t\t\t<span class=\"display-3\"><i class=\"fa fa-paper-plane\" aria-hidden=\"true\"><\/i><\/span>\n\t\t\t<h4>iscrizione alla newsletter completata con successo<\/h4>\n\t\t<\/div>\n\t<\/div>\n<\/div>\n\n\n<\/div>\n    <\/div>\n\n\n<div class=\"col-12 col-lg-6 col-xl-8 order-4\"\n     \n\t \n\t>\n        \n<iframe  class=\"js--lazy-load\" data-src=\"https:\/\/www.google.com\/maps\/embed?pb=!1m14!1m8!1m3!1d366558.0356960075!2d12.487102!3d44.130095!3m2!1i1024!2i768!4f13.1!3m3!1m2!1s0x0%3A0x811d49c84d2a374f!2sHotel%20Majestic!5e0!3m2!1sit!2sit!4v1611850756772!5m2!1sit!2sit\" width=\"100%\" height=\"450\" frameborder=\"0\" style=\"border:0;\" allowfullscreen=\"\" aria-hidden=\"false\" tabindex=\"0\"><\/iframe>\n    <\/div>\n<\/div>\n<\/section>\n\n<section class=\"wao-blocks-container container-fluid mb-0\"\n\t\t>\n    \n<div class=\"wao-blocks-row row\" >\n    \n\n<div class=\"col-12 col-md-12 col-lg-4 g--bkg-dark-02 p-0 d-flex align-items-start flex-column\"\n     \n\t \n\t>\n        \n<div class=\"mb-auto\" data-cof=\"true\" data-cof-rule=\"padding, 2rem, 2rem, 2rem, 3rem 1rem 1rem, 3rem 1rem 1rem\">\n\n\n<h3 class=\"wp-block-heading has-text-align-left px-4 text-primary h2\">Vacanze spensierate<\/h3>\n\n\n\n<p class=\"has-text-align-left display-3 text-primary px-4\">Qualit\u00e0, passione e servizi per la tua famiglia<\/p>\n\n\n\n<p class=\"has-text-align-left px-4 pb-4 text-primary \">Dal 2021 con la nuova gestione della famiglia P. Fornari, albergatori romagnoli da 3 generazioni.<\/p>\n\n\n<\/div>\n\n\n<div class=\"wao-blocks-immagine-src mx-auto mb-0 p-0 d-none d-lg-block\" \n    >\n                    <img decoding=\"async\" src=\"http:\/\/www.hotelmajesticigea.com\/wp-content\/uploads\/2021\/01\/hotel-majestic-igea.jpg\"  class=\"img-fluid mx-auto\"  alt=\"\">\n    <\/div>\n    <\/div>\n\n\n<div class=\"col-12 col-md-12 col-lg-8 g--bkg-dark-01 p-4\"\n     \n\t \n\t>\n        \n\n<h3 class=\"wp-block-heading has-text-align-center pb-4 h2 pt-4 text-secondary\">Richiedi un preventivo<\/h3>\n\n\n<div class=\"mx-auto\" style=\"max-width: 800px;\">\n\n\n<div class=\"merida_root\" id=\"merida_block\"><\/div>\n\n<script>\nvar merida_config_merida_block = {\n    customerId: 3051 ,\n    showSuccessModal : true,\n    rootEl: \"merida_block\",\n    childrenAgeMax: 16,\n    childrenAgeMin: 0,\n    layout: \"default\",\n    language: \"de\",\n                theme : {\n        colors: {\n            primary: '#f0d72f',\n            primaryTextAlt: '#ffffff',\n            secondary: '#1f77bb',\n            secondaryTextAlt: '#ffffff',\n            text: '#3e464c',\n            error: '#cc0033',\n            formBackground: '#ffffff',\n            label: '#4d4d4d',\n            labelInput: '#333333',\n            labelInputActive: '#7ebd6d',\n            inputBackground: '#eeeeee',\n            inputBorder: '#eeeeee',\n            checkboxBorder: '#eeeeee',\n        }\n    },\n    onSuccess : function(res) {\n        \n                        if (typeof(ga) !== 'undefined') {\n                   ga('send', 'event', 'Email', 'Invio', 'Form');\n                }\n                    }\n};\n\n(function(url, cb) {\n    var s = document.createElement(\"script\");\n    s.type = \"text\/javascript\";\n\n    if (s.readyState) { \/\/IE\n        s.onreadystatechange = function() {\n            if (s.readyState == \"loaded\" || s.readyState == \"complete\") {\n                s.onreadystatechange = null;\n                cb();\n            }\n        };\n    } else { \/\/Others\n        s.onload = function() {\n            cb();\n        };\n    }\n\n    s.src = url;\n    document.getElementsByTagName(\"head\")[0].appendChild(s);\n})(\"https:\/\/static.adriasonline.it\/merida\/latest\/merida.js\", function() {\n    window.aoForm = merida(merida_config_merida_block);\n});\n<\/script>\n\n<\/div>\n    <\/div>\n<\/div>\n<\/section>\n\n\n<p><\/p>\n","protected":false},"excerpt":{"rendered":"","protected":false},"author":1,"featured_media":0,"parent":0,"menu_order":0,"comment_status":"closed","ping_status":"closed","template":"","meta":{"footnotes":""},"class_list":["post-420","page","type-page","status-publish","hentry"],"_links":{"self":[{"href":"https:\/\/www.hotelmajesticigea.com\/de\/wp-json\/wp\/v2\/pages\/420","targetHints":{"allow":["GET"]}}],"collection":[{"href":"https:\/\/www.hotelmajesticigea.com\/de\/wp-json\/wp\/v2\/pages"}],"about":[{"href":"https:\/\/www.hotelmajesticigea.com\/de\/wp-json\/wp\/v2\/types\/page"}],"author":[{"embeddable":true,"href":"https:\/\/www.hotelmajesticigea.com\/de\/wp-json\/wp\/v2\/users\/1"}],"replies":[{"embeddable":true,"href":"https:\/\/www.hotelmajesticigea.com\/de\/wp-json\/wp\/v2\/comments?post=420"}],"version-history":[{"count":8,"href":"https:\/\/www.hotelmajesticigea.com\/de\/wp-json\/wp\/v2\/pages\/420\/revisions"}],"predecessor-version":[{"id":686,"href":"https:\/\/www.hotelmajesticigea.com\/de\/wp-json\/wp\/v2\/pages\/420\/revisions\/686"}],"wp:attachment":[{"href":"https:\/\/www.hotelmajesticigea.com\/de\/wp-json\/wp\/v2\/media?parent=420"}],"curies":[{"name":"wp","href":"https:\/\/api.w.org\/{rel}","templated":true}]}}