{"id":404,"date":"2021-01-29T17:19:56","date_gmt":"2021-01-29T16:19:56","guid":{"rendered":"http:\/\/www.hotelmajesticigea.com\/?page_id=404"},"modified":"2026-02-11T17:28:33","modified_gmt":"2026-02-11T16:28:33","slug":"camere","status":"publish","type":"page","link":"https:\/\/www.hotelmajesticigea.com\/en\/camere\/","title":{"rendered":"Rooms"},"content":{"rendered":"\n<section class=\"container-fluid js--lazy-load wao-blocks-gallery-slider-flickity gallery-flickity-57694\" >\n    <article class=\"row\">\n        <div class=\"col-sm-12 p-0 position-relative\">\n            <section class=\"container-fluid js--lazy-load\">\n                <article class=\"row\">\n                    <div class=\"col-sm-12 p-0 position-relative\">\n                        <div class=\"js--flickity l--vh-60-md\" data-cellAlign=\"left\" data-bgLazyLoad=\"1\" data-freeScroll=\"true\" data-wrapAround=\"true\" data-autoPlay=\"2000\" data-pauseAutoPlayOnHover =\"true\" data-prevNextButtons=\"false\" data-contain=\"true\" data-pageDots=\"false\" data-draggable=\"true\" data-groupCells=\"110%\" data-fade=\"false\">\n                                                            <div>\n                                    <div style=\"background: url('http:\/\/www.hotelmajesticigea.com\/wp-content\/uploads\/2021\/06\/top-camere-00.jpg') center center \/ cover no-repeat rgb(250, 250, 250); display: block; width: 100vw;\" class=\"l--vh-60-md \"><\/div>\n                                <\/div>\n                            \n                        <\/div>\n                        <div class=\"position-absolute l--top l--bottom mx-auto l--align-middle-vertical\">\n                            <div class=\"text-over-slider h1 text-quaternary text-center animated zoomIn\" data-anim=\"zoomIn\" data-cof=\"true\" data-cof-rule=\"font-size, 2rem, 2.5rem, 2.5rem, 3rem, 3rem\">\n                                                            <\/div>\n                                                            <div class=\"h-100 w-100 sf-gradient d-flex align-items-center justify-content-center\" style=\"background: \" data-cof=\"true\" data-cof-rule=\"font-size, 2rem, 2.5rem, 2.5rem, 3rem, 3rem\">\n                                                                                                        <\/div>\n                                                    <\/div>\n                    <\/div>\n                <\/article>\n            <\/section>\n        <\/div>\n    <\/article>\n<\/section>\n\n<section class=\"wao-blocks-container container-fluid mb-3 position-relative\"\n\t\t>\n    \n<div class=\"wao-blocks-row row\" >\n    \n\n<div class=\"col-12 col-md-12 text-center\"\n     \n\t \n\tdata-cof=\"true\"\n    data-cof-rule=\"padding, 2rem, 3rem 2rem, 3rem 2rem, 3rem, 3rem\" >\n        \n<div class=\"position-absolute l--top l--left g--bkg-dark-01 d-none d-md-block  js--hideme\" data-anim=\"fadeInLeft\"  style=\"width:35%; height:70px; max-width: 530px; margin-top:-35px;\"><\/div>\n\n<div class=\"mx-auto\" style=\"max-width:900px\">\n\n<div class=\"pb-4 \">\n\n\n<div class=\"breadcrumb-block\"\n    >\n    <div class=\"text-primary mx-auto text-center small\">\n        <a href=\"https:\/\/www.hotelmajesticigea.com\/en\" rel=\"nofollow\" title=\"Home\">Home &gt;<\/a>\n        Camere    <\/div>\n<\/div>\n\n<\/div>\n\n\n<h1 class=\"wp-block-heading has-text-align-center pb-4\">Camere fronte mare<\/h1>\n\n\n\n<p class=\"has-text-align-center\"><strong>Tutte le camere<\/strong> dell\u2019Hotel Majestic affacciano <strong>sul mare<\/strong> e sono dotate di <strong>balcone<\/strong>. Gi\u00e0 dal primo piano delle stanze che vantano vista frontale \u00e8 possibile vedere in lontananza la ruota panoramica di Rimini. Infatti, la vista \u00e8 veramente mozzafiato, soprattutto alle prime luci del giorno o verso il tramonto, quando il cielo si tinge di colori dalle sfumature pastello. Tutte le camere, inoltre, dispongono di una <strong>comoda terrazza <\/strong>in cui stendere i costumi bagnati o sedersi comodamente per godersi la brezza serale. Pronto a fare sogni d\u2019oro nelle nostre <strong>camere luminose<\/strong> e <strong>accessoriate con tutti i comfort<\/strong> necessari?&nbsp;<\/p>\n\n\n<\/div>\n\n\n<p><\/p>\n\n    <\/div>\n<\/div>\n<\/section>\n\n<section class=\"wao-blocks-container container-fluid mb-5 position-relative js--lazy-load\"\n\tstyle=\"background: url('http:\/\/www.hotelmajesticigea.com\/wp-content\/uploads\/2021\/02\/sf-vista-mare.jpg') center center \/ cover no-repeat rgba(0,0,0,0.2); display: block; background-blend-mode: multiply; \"\t>\n    \n<div class=\"position-absolute l--top l--right g--bkg-dark-02 d-none d-md-block js--hideme\" data-anim=\"fadeInRight\"  style=\"width:35%; height:70px; max-width: 530px; margin-top:-35px;\"><\/div>\n\n<div class=\"wao-blocks-row row sf-gradient\" >\n    \n\n<div class=\"col-12 col-md-6 col-lg-5 col-xl-4 d-flex order-md-1 order-2 \"\n     \n\t \n\tdata-cof=\"true\"\n    data-cof-rule=\"padding, 0rem 0, 2rem 0, 2rem 0, 3rem 0,  5rem 0\" >\n        \n<div class=\"p-1 h-100 g--bkg-dark-02\" style=\"min-width:70px;\" ><\/div>\n<div class=\"p-4 g--bkg-light-04\">\n\n\n<h2 class=\"wp-block-heading pb-4\">Servizi in camera<\/h2>\n\n\n\n<ul class=\"wp-block-list\">\n<li>Balcone abitabile<\/li>\n\n\n\n<li>Servizi privati con box doccia e asciugacapelli<\/li>\n\n\n\n<li>Aria condizionata autoregolabile a pagamento<\/li>\n\n\n\n<li>Cassaforte, telefono e televisore<\/li>\n\n\n\n<li>Internet Wifi Fibra<\/li>\n\n\n\n<li>Su richiesta, letti con spondine e culle<\/li>\n\n\n\n<li>Disponibili soluzioni familiari e gruppi numerosi (no camere comunicanti).<\/li>\n<\/ul>\n\n\n<\/div>\n    <\/div>\n\n\n<div class=\"col-12 col-md-6 col-lg-7 col-xl-8 p-0 order-md-2 order-1 d-flex justify-content-end align-items-end\"\n     \n\t \n\t>\n        \n\n<div class=\"wao-blocks-immagine-src text-right d-none d-lg-inline\" \n    >\n                    <img decoding=\"async\" src=\"http:\/\/www.hotelmajesticigea.com\/wp-content\/uploads\/2021\/01\/ico.png\"  alt=\"\">\n    <\/div>\n\n\n<div class=\"wao-blocks-immagine-src d-md-none d-block text-center mx-auto p-0\" \n    >\n                    <img decoding=\"async\" src=\"http:\/\/www.hotelmajesticigea.com\/wp-content\/uploads\/2021\/02\/img-camera-600x416.jpg\"  class=\"img-fluid mx-auto\"  alt=\"\">\n    <\/div>\n    <\/div>\n<\/div>\n<\/section>\n\n<section class=\"wao-blocks-container container-fluid mb-5\"\n\t\t>\n    \n<div class=\"wao-blocks-row row\" >\n    \n\n<div class=\"col-12 col-md-12\"\n     \n\t \n\t>\n        \n<div class=\"wao-blocks-gallery-v1 my-2\">\n\t<div class=\"row p-0 m-0 l--gallery-grid\"><div class=\"col-6 l--height-3 l--p-gall \"><div style=\"height: 100%; background-image: url(https:\/\/www.hotelmajesticigea.com\/wp-content\/uploads\/2021\/06\/sf-camera-00-600x401.jpg)\">\n\t\t\t<a href=\"https:\/\/www.hotelmajesticigea.com\/wp-content\/uploads\/2021\/06\/sf-camera-00-1024x684.jpg\" rel=\"ilightBox\" class=\"d-block h-100\" title=\"Apri la galleria\"><\/a><\/div><\/div><div class=\"col-6 p-x-0 \"><div class=\"row\"><div class=\"col-6 l--height-1 l--p-gall \"><div style=\"height: 100%; background-image: url(https:\/\/www.hotelmajesticigea.com\/wp-content\/uploads\/2021\/06\/camera-001-600x401.jpg)\">\n\t\t\t<a href=\"https:\/\/www.hotelmajesticigea.com\/wp-content\/uploads\/2021\/06\/camera-001-1024x684.jpg\" rel=\"ilightBox\" class=\"d-block h-100\" title=\"Apri la galleria\"><\/a><\/div><\/div><div class=\"col-6 l--height-1 l--p-gall \"><div style=\"height: 100%; background-image: url(https:\/\/www.hotelmajesticigea.com\/wp-content\/uploads\/2021\/06\/camera-010-600x393.jpg)\">\n\t\t\t<a href=\"https:\/\/www.hotelmajesticigea.com\/wp-content\/uploads\/2021\/06\/camera-010-1024x670.jpg\" rel=\"ilightBox\" class=\"d-block h-100\" title=\"Apri la galleria\"><\/a><\/div><\/div><div class=\"col-6 l--height-1 l--p-gall \"><div style=\"height: 100%; background-image: url(https:\/\/www.hotelmajesticigea.com\/wp-content\/uploads\/2021\/06\/camera-009-600x401.jpg)\">\n\t\t\t<a href=\"https:\/\/www.hotelmajesticigea.com\/wp-content\/uploads\/2021\/06\/camera-009-1024x684.jpg\" rel=\"ilightBox\" class=\"d-block h-100\" title=\"Apri la galleria\"><\/a><\/div><\/div><div class=\"col-6 l--height-1 l--p-gall \"><div style=\"height: 100%; background-image: url(https:\/\/www.hotelmajesticigea.com\/wp-content\/uploads\/2021\/06\/camera-007-600x381.jpg)\">\n\t\t\t<a href=\"https:\/\/www.hotelmajesticigea.com\/wp-content\/uploads\/2021\/06\/camera-007-1024x651.jpg\" rel=\"ilightBox\" class=\"d-block h-100\" title=\"Apri la galleria\"><\/a><\/div><\/div><\/div><\/div><\/div>\n  <\/div>\n    <\/div>\n<\/div>\n<\/section>\n\n<section class=\"wao-blocks-container container-fluid mb-3\"\n\t\t>\n    \n<div class=\"wao-blocks-row row\" >\n    \n\n<div class=\"col-12 col-md-12 col-lg-6 col-xl-4 p-4 order-1\"\n     \n\t \n\t>\n        \n\n<h3 class=\"has-text-align-center h2 wp-block-heading\">Iscriviti alla nostra <br>newsletter<\/h3>\n\n\n\n<p><\/p>\n\n    <\/div>\n\n\n<div class=\"col-12 col-md-12 col-lg-6 col-xl-8 p-4 order-lg-2 order-3\"\n     \n\t \n\t>\n        \n\n<h3 class=\"has-text-align-center h2 wp-block-heading\">Siamo direttamente<br>sul mare<\/h3>\n\n    <\/div>\n\n\n<div class=\"col-12 col-md-12 col-lg-6 col-xl-4 g--bkg-dark-03 p-2 order-lg-3 order-2\"\n     \n\t \n\t>\n        \n<div class=\"text-center display-2 text-primary\"><i class=\"fas fa-envelope-open-text\"><\/i><\/div>\n<div class=\"mx-auto\" style=\"max-width:400px;\">\n\n<script src=\"https:\/\/www.google.com\/recaptcha\/enterprise.js?render=6LdKs-6Lc3xMIcAAAAAO2K3CkgGUYb6BcsBOk289jP7NUP\"><\/script>\n<div class=\"l--box-newsletter wao-blocks-nav-tab\" >\n    <form class=\"custom\" name=\"iscrizione_newsletter\" id=\"iscrizione_newsletter\" method=\"post\" autocomplete=\"OFF\">\n        <fieldset>\n            <div class=\"form-group column\">\n                                <div class=\"col-12 col-lg-12 mx-auto\">\n                    <input type=\"text\" class=\"form-control my-2 border-1  g--b-c-01 rounded-0\" id=\"news_nome\" name=\"nome\" placeholder=\"Nome*\">\n                <\/div>\n                <div class=\"col-12 col-lg-12 mx-auto\">\n                    <input type=\"text\" class=\"form-control my-2 border-1  g--b-c-01 rounded-0\" id=\"news_email\" name=\"email\" value=\"\" placeholder=\"Email*\">\n                <\/div>\n                <div id=\"newsletter\" class=\"col-12 col-lg-12 mx-auto\">\n<input value=\"on\" type=\"checkbox\" name=\"news_privacy\" id=\"news_privacy\">\n<label for=\"news_privacy\">*\n    <small>\n        <a href=\"javascript:void(0)\" title=\"privacy\"\n            class=\"privacy link-privacy-policy \" style=\"cursor: pointer;\">\n            Accetto privacy\n        <\/a>\n    <\/small>\n<\/label>\n<\/div>                <div class=\"col-12 col-lg-12 mx-auto\">\n                    <button class=\"btn btn-primary btn-block rounded-0 text-uppercase\"type=\"submit\" id=\"iscrizioneNewsletter\">\n                        Iscriviti\n                    <\/button>\n                    <input name=\"dominio\" type=\"hidden\" value=\"https:\/\/www.hotelmajesticigea.com\/en\/\">\n                    <input name=\"idHotel\" type=\"hidden\" value=\"3051\">\n                    <input name=\"lingua\" type=\"hidden\" value=\"it\">\n                <\/div>\n            <\/div>\n        <\/fieldset>\n    <\/form>\n<\/div>\n<div id=\"divAlert\" class=\"h-50 w-50 m-auto alert-info d-none\" style=\"position: fixed; top: 10px; left: 10px; right: 10px; bottom: 10px; z-index: 2000; overflow: auto\">\n\t<div class=\"text-right\">\n\t\t<a class=\"btn btn-primary btn_chiudi \" href=\"javascript:void(0)\" onclick=\"location.reload(true);\" title=\"Chiudi\"><i class=\"fa fa-times\" aria-hidden=\"true\"><\/i><\/a>\n\t<\/div>\n\t<div class=\"text-center alert-info l--align-middle-vertical\" style=\"height: calc(100% - 50px);\">\n\t\t<div class=\"logo\"><\/div>\n\t\t<div class=\"text-center h-50 w-50\">\n\t\t\t<span class=\"display-3\"><i class=\"fa fa-paper-plane\" aria-hidden=\"true\"><\/i><\/span>\n\t\t\t<h4>iscrizione alla newsletter completata con successo<\/h4>\n\t\t<\/div>\n\t<\/div>\n<\/div>\n\n\n<\/div>\n    <\/div>\n\n\n<div class=\"col-12 col-lg-6 col-xl-8 order-4\"\n     \n\t \n\t>\n        \n<iframe  class=\"js--lazy-load\" data-src=\"https:\/\/www.google.com\/maps\/embed?pb=!1m14!1m8!1m3!1d366558.0356960075!2d12.487102!3d44.130095!3m2!1i1024!2i768!4f13.1!3m3!1m2!1s0x0%3A0x811d49c84d2a374f!2sHotel%20Majestic!5e0!3m2!1sit!2sit!4v1611850756772!5m2!1sit!2sit\" width=\"100%\" height=\"450\" frameborder=\"0\" style=\"border:0;\" allowfullscreen=\"\" aria-hidden=\"false\" tabindex=\"0\"><\/iframe>\n    <\/div>\n<\/div>\n<\/section>\n\n<section class=\"wao-blocks-container container-fluid mb-0\"\n\t\t>\n    \n<div class=\"wao-blocks-row row\" >\n    \n\n<div class=\"col-12 col-md-12 col-lg-4 g--bkg-dark-02 p-0 d-flex align-items-start flex-column\"\n     \n\t \n\t>\n        \n<div class=\"mb-auto\" data-cof=\"true\" data-cof-rule=\"padding, 2rem, 2rem, 2rem, 3rem 1rem 1rem, 3rem 1rem 1rem\">\n\n\n<h3 class=\"wp-block-heading has-text-align-left px-4 text-primary h2\">Vacanze spensierate<\/h3>\n\n\n\n<p class=\"has-text-align-left display-3 text-primary px-4\">Qualit\u00e0, passione e servizi per la tua famiglia<\/p>\n\n\n\n<p class=\"has-text-align-left px-4 pb-4 text-primary \">Dal 2021 con la nuova gestione della famiglia P. Fornari, albergatori romagnoli da 3 generazioni.<\/p>\n\n\n<\/div>\n\n\n<div class=\"wao-blocks-immagine-src mx-auto mb-0 p-0 d-none d-lg-block\" \n    >\n                    <img decoding=\"async\" src=\"http:\/\/www.hotelmajesticigea.com\/wp-content\/uploads\/2021\/01\/hotel-majestic-igea.jpg\"  class=\"img-fluid mx-auto\"  alt=\"\">\n    <\/div>\n    <\/div>\n\n\n<div class=\"col-12 col-md-12 col-lg-8 g--bkg-dark-01 p-4\"\n     \n\t \n\t>\n        \n\n<h3 class=\"wp-block-heading has-text-align-center pb-4 h2 pt-4 text-secondary\">Richiedi un preventivo<\/h3>\n\n\n<div class=\"mx-auto\" style=\"max-width: 800px;\">\n\n\n<div class=\"merida_root\" id=\"merida_block\"><\/div>\n\n<script>\nvar merida_config_merida_block = {\n    customerId: 3051 ,\n    showSuccessModal : true,\n    rootEl: \"merida_block\",\n    childrenAgeMax: 16,\n    childrenAgeMin: 0,\n    layout: \"default\",\n    language: \"en\",\n                theme : {\n        colors: {\n            primary: '#f0d72f',\n            primaryTextAlt: '#ffffff',\n            secondary: '#1f77bb',\n            secondaryTextAlt: '#ffffff',\n            text: '#3e464c',\n            error: '#cc0033',\n            formBackground: '#ffffff',\n            label: '#4d4d4d',\n            labelInput: '#333333',\n            labelInputActive: '#7ebd6d',\n            inputBackground: '#eeeeee',\n            inputBorder: '#eeeeee',\n            checkboxBorder: '#eeeeee',\n        }\n    },\n    onSuccess : function(res) {\n        \n                        if (typeof(ga) !== 'undefined') {\n                   ga('send', 'event', 'Email', 'Invio', 'Form');\n                }\n                    }\n};\n\n(function(url, cb) {\n    var s = document.createElement(\"script\");\n    s.type = \"text\/javascript\";\n\n    if (s.readyState) { \/\/IE\n        s.onreadystatechange = function() {\n            if (s.readyState == \"loaded\" || s.readyState == \"complete\") {\n                s.onreadystatechange = null;\n                cb();\n            }\n        };\n    } else { \/\/Others\n        s.onload = function() {\n            cb();\n        };\n    }\n\n    s.src = url;\n    document.getElementsByTagName(\"head\")[0].appendChild(s);\n})(\"https:\/\/static.adriasonline.it\/merida\/latest\/merida.js\", function() {\n    window.aoForm = merida(merida_config_merida_block);\n});\n<\/script>\n\n<\/div>\n    <\/div>\n<\/div>\n<\/section>\n\n\n<p><\/p>\n","protected":false},"excerpt":{"rendered":"","protected":false},"author":1,"featured_media":0,"parent":0,"menu_order":0,"comment_status":"closed","ping_status":"closed","template":"","meta":{"footnotes":""},"class_list":["post-404","page","type-page","status-publish","hentry"],"_links":{"self":[{"href":"https:\/\/www.hotelmajesticigea.com\/en\/wp-json\/wp\/v2\/pages\/404","targetHints":{"allow":["GET"]}}],"collection":[{"href":"https:\/\/www.hotelmajesticigea.com\/en\/wp-json\/wp\/v2\/pages"}],"about":[{"href":"https:\/\/www.hotelmajesticigea.com\/en\/wp-json\/wp\/v2\/types\/page"}],"author":[{"embeddable":true,"href":"https:\/\/www.hotelmajesticigea.com\/en\/wp-json\/wp\/v2\/users\/1"}],"replies":[{"embeddable":true,"href":"https:\/\/www.hotelmajesticigea.com\/en\/wp-json\/wp\/v2\/comments?post=404"}],"version-history":[{"count":17,"href":"https:\/\/www.hotelmajesticigea.com\/en\/wp-json\/wp\/v2\/pages\/404\/revisions"}],"predecessor-version":[{"id":836,"href":"https:\/\/www.hotelmajesticigea.com\/en\/wp-json\/wp\/v2\/pages\/404\/revisions\/836"}],"wp:attachment":[{"href":"https:\/\/www.hotelmajesticigea.com\/en\/wp-json\/wp\/v2\/media?parent=404"}],"curies":[{"name":"wp","href":"https:\/\/api.w.org\/{rel}","templated":true}]}}